{"id":607,"date":"2025-10-28T11:33:19","date_gmt":"2025-10-28T10:33:19","guid":{"rendered":"https:\/\/newweb.backtolatierra.com\/?page_id=607"},"modified":"2026-03-03T10:06:06","modified_gmt":"2026-03-03T09:06:06","slug":"regeneration","status":"publish","type":"page","link":"https:\/\/backtolatierra.com\/es\/regeneration\/","title":{"rendered":"Nuestro enfoque"},"content":{"rendered":"<div data-elementor-type=\"wp-page\" data-elementor-id=\"607\" class=\"elementor elementor-607\">\n\t\t\t\t\t\t<section class=\"elementor-section elementor-top-section elementor-element elementor-element-46cb926 elementor-section-full_width elementor-section-height-min-height elementor-section-height-default elementor-section-items-middle\" data-id=\"46cb926\" data-element_type=\"section\" data-e-type=\"section\" data-settings=\"{&quot;background_background&quot;:&quot;classic&quot;}\">\n\t\t\t\t\t\t\t<div class=\"elementor-background-overlay\"><\/div>\n\t\t\t\t\t\t\t<div class=\"elementor-container elementor-column-gap-default\">\n\t\t\t\t\t<div class=\"elementor-column elementor-col-100 elementor-top-column elementor-element elementor-element-6bd0d9f\" data-id=\"6bd0d9f\" data-element_type=\"column\" data-e-type=\"column\">\n\t\t\t<div class=\"elementor-widget-wrap elementor-element-populated\">\n\t\t\t\t\t\t<div class=\"elementor-element elementor-element-0085459 elementor-widget elementor-widget-heading\" data-id=\"0085459\" data-element_type=\"widget\" data-e-type=\"widget\" data-widget_type=\"heading.default\">\n\t\t\t\t\t<h2 class=\"elementor-heading-title elementor-size-default\">OUR APPROACH<\/h2>\t\t\t\t<\/div>\n\t\t\t\t\t<\/div>\n\t\t<\/div>\n\t\t\t\t\t<\/div>\n\t\t<\/section>\n\t\t\t\t<section class=\"elementor-section elementor-top-section elementor-element elementor-element-3efd737 elementor-section-boxed elementor-section-height-default elementor-section-height-default\" data-id=\"3efd737\" data-element_type=\"section\" data-e-type=\"section\">\n\t\t\t\t\t\t<div class=\"elementor-container elementor-column-gap-default\">\n\t\t\t\t\t<div class=\"elementor-column elementor-col-100 elementor-top-column elementor-element elementor-element-4571ca3\" data-id=\"4571ca3\" data-element_type=\"column\" data-e-type=\"column\">\n\t\t\t<div class=\"elementor-widget-wrap elementor-element-populated\">\n\t\t\t\t\t\t<div class=\"elementor-element elementor-element-9c24d3c elementor-widget elementor-widget-heading\" data-id=\"9c24d3c\" data-element_type=\"widget\" data-e-type=\"widget\" data-widget_type=\"heading.default\">\n\t\t\t\t\t<h2 class=\"elementor-heading-title elementor-size-default\">Muchos lugares ofrecen un entorno. Nosotros ofrecemos una mirada.<\/h2>\t\t\t\t<\/div>\n\t\t\t\t<div class=\"elementor-element elementor-element-79483ad elementor-widget elementor-widget-text-editor\" data-id=\"79483ad\" data-element_type=\"widget\" data-e-type=\"widget\" data-widget_type=\"text-editor.default\">\n\t\t\t\t\t\t\t\t\t<p data-start=\"620\" data-end=\"828\">En primer lugar Back to La Tierra esta pensado para <strong data-start=\"660\" data-end=\"693\">paz, privacidad, arte y descanso de verdad.<\/strong>.<br data-start=\"694\" data-end=\"697\" \/>Nuestro enfoque regenerativo siempre est\u00e1 ah\u00ed, en segundo plano, pero nunca se espera que tengas que \u201caprender\u201d nada ni participar en ello.<\/p><p>Si simplemente buscas una estancia de descanso: perfecto.<br data-start=\"873\" data-end=\"876\" \/>Si te interesa saber c\u00f3mo funciona el lugar, tambi\u00e9n est\u00e1s en el sitio adecuado.\u00a0<\/p>\t\t\t\t\t\t\t\t<\/div>\n\t\t\t\t<div class=\"elementor-element elementor-element-d9e2450 elementor-widget elementor-widget-heading\" data-id=\"d9e2450\" data-element_type=\"widget\" data-e-type=\"widget\" data-widget_type=\"heading.default\">\n\t\t\t\t\t<h2 class=\"elementor-heading-title elementor-size-default\">Nuestro enfoque <\/h2>\t\t\t\t<\/div>\n\t\t\t\t\t<\/div>\n\t\t<\/div>\n\t\t\t\t\t<\/div>\n\t\t<\/section>\n\t\t\t\t<section class=\"elementor-section elementor-top-section elementor-element elementor-element-96bb47c elementor-section-boxed elementor-section-height-default elementor-section-height-default\" data-id=\"96bb47c\" data-element_type=\"section\" data-e-type=\"section\">\n\t\t\t\t\t\t<div class=\"elementor-container elementor-column-gap-default\">\n\t\t\t\t\t<div class=\"elementor-column elementor-col-100 elementor-top-column elementor-element elementor-element-cc02149\" data-id=\"cc02149\" data-element_type=\"column\" data-e-type=\"column\">\n\t\t\t<div class=\"elementor-widget-wrap elementor-element-populated\">\n\t\t\t\t\t\t<div class=\"elementor-element elementor-element-1d0e6a5 elementor-widget elementor-widget-text-editor\" data-id=\"1d0e6a5\" data-element_type=\"widget\" data-e-type=\"widget\" data-widget_type=\"text-editor.default\">\n\t\t\t\t\t\t\t\t\t<p>Cuidamos esta tierra como un sistema vivo \u2014 fortaleciendo su resiliencia a trav\u00e9s del suelo, el agua, la energ\u00eda y la biodiversidad\u2014 para que la finca est\u00e9 cada vez m\u00e1s sana con el paso del tiempo. <strong data-start=\"611\" data-end=\"659\">Recibir a nuestros hu\u00e9spedes forma parte de la misma visi\u00f3n:<\/strong> compartir este lugar sereno y reparador con personas de todo el mundo y construir una forma de vida que aspire a ser un beneficio para todos: para los hu\u00e9spedes, para nosotros y para la tierra.<\/p><p><strong data-start=\"365\" data-end=\"402\">El arte tambi\u00e9n forma parte de este enfoque.<\/strong> No \u201carte\u201d como decoraci\u00f3n, sino como una forma de vivir: hacer las cosas con atenci\u00f3n, trabajar con materiales y dejar que la creatividad aquiete la mente. El arte de Paul<a href=\"http:\/\/www.mynameisArts.com\">www.mynameisArts.com<\/a>) nace directamente de la tierra: su estudio est\u00e1 aqu\u00ed, y las texturas, los pigmentos y los procesos naturales que nos rodean forman parte de su obra. Para quienes se alojan con nosotros, simplemente significa que la finca no es solo un lugar para descansar, sino un lugar donde\u2026 <strong data-start=\"802\" data-end=\"839\" data-is-only-node=\"\">\u2026crear, observar y vivir bien<\/strong> \u2026se fomentan con calma.<\/p>\t\t\t\t\t\t\t\t<\/div>\n\t\t\t\t<div class=\"elementor-element elementor-element-5e8a68c elementor-widget elementor-widget-heading\" data-id=\"5e8a68c\" data-element_type=\"widget\" data-e-type=\"widget\" data-widget_type=\"heading.default\">\n\t\t\t\t\t<h2 class=\"elementor-heading-title elementor-size-default\">Lo que notar\u00e1s (sin propon\u00e9rtelo)<\/h2>\t\t\t\t<\/div>\n\t\t\t\t<div class=\"elementor-element elementor-element-3e2f9c9 elementor-widget__width-initial elementor-widget elementor-widget-text-editor\" data-id=\"3e2f9c9\" data-element_type=\"widget\" data-e-type=\"widget\" data-widget_type=\"text-editor.default\">\n\t\t\t\t\t\t\t\t\t<ul data-start=\"1194\" data-end=\"1472\"><li data-start=\"1194\" data-end=\"1257\"><p data-start=\"1196\" data-end=\"1257\">Un bosque comestible y un huerto dise\u00f1ados como un ecosistema.<\/p><\/li><li data-start=\"1258\" data-end=\"1333\"><p data-start=\"1260\" data-end=\"1333\">Sombra, brisa y sol aprovechados con intenci\u00f3n (un confort que se siente natural).<\/p><\/li><li data-start=\"1334\" data-end=\"1412\"><p data-start=\"1336\" data-end=\"1412\">Ritmos tranquilos: p\u00e1jaros al amanecer, rincones m\u00e1s frescos al mediod\u00eda y atardeceres m\u00e1s suaves.<\/p><\/li><li data-start=\"1413\" data-end=\"1472\"><p data-start=\"1415\" data-end=\"1472\">Una atm\u00f3sfera serena y espaciosa: <strong data-start=\"1444\" data-end=\"1464\">maximo 6 hu\u00e9spedes<\/strong> en total<\/p><\/li><\/ul>\t\t\t\t\t\t\t\t<\/div>\n\t\t\t\t<div class=\"elementor-element elementor-element-d232a8f elementor-widget elementor-widget-heading\" data-id=\"d232a8f\" data-element_type=\"widget\" data-e-type=\"widget\" data-widget_type=\"heading.default\">\n\t\t\t\t\t<h2 class=\"elementor-heading-title elementor-size-default\">Lo que ponemos en pr\u00e1ctica, en segundo plano<\/h2>\t\t\t\t<\/div>\n\t\t\t\t<div class=\"elementor-element elementor-element-f775ae2 elementor-widget elementor-widget-text-editor\" data-id=\"f775ae2\" data-element_type=\"widget\" data-e-type=\"widget\" data-widget_type=\"text-editor.default\">\n\t\t\t\t\t\t\t\t\t<p>Aplicamos principios regenerativos sencillos que benefician tanto a la tierra como a tu estancia:<\/p><ul data-start=\"1601\" data-end=\"1981\"><li data-start=\"1601\" data-end=\"1703\"><p data-start=\"1603\" data-end=\"1703\"><strong data-start=\"1603\" data-end=\"1617\">Cuidado de la tierra:<\/strong> compostaje, acolchado y plantaci\u00f3n por estratos para aumentar la fertilidad y retener la humedad.<\/p><\/li><li data-start=\"1704\" data-end=\"1792\"><p data-start=\"1706\" data-end=\"1792\"><strong data-start=\"1706\" data-end=\"1728\">Cuidado del agua:<\/strong> careful use of water and natural filtration (reed-bed system)<\/p><\/li><li data-start=\"1793\" data-end=\"1870\"><p data-start=\"1795\" data-end=\"1870\"><strong data-start=\"1795\" data-end=\"1812\">Cuidado del agua:<\/strong> confort apoyado en el ritmo del sol siempre que es posible.<\/p><\/li><li data-start=\"1871\" data-end=\"1981\"><p data-start=\"1873\" data-end=\"1981\"><strong data-start=\"1873\" data-end=\"1890\">Biodiversity:<\/strong> gardens that invite life back \u2014 insects, birds, beneficial \u201chelpers\u201d you\u2019ll start noticing<\/p><\/li><\/ul>\t\t\t\t\t\t\t\t<\/div>\n\t\t\t\t<div class=\"elementor-element elementor-element-6d8bd10 elementor-widget elementor-widget-text-editor\" data-id=\"6d8bd10\" data-element_type=\"widget\" data-e-type=\"widget\" data-widget_type=\"text-editor.default\">\n\t\t\t\t\t\t\t\t\t<h2>Si tienes interes (opcional)<\/h2>\t\t\t\t\t\t\t\t<\/div>\n\t\t\t\t<div class=\"elementor-element elementor-element-1383774 elementor-widget elementor-widget-text-editor\" data-id=\"1383774\" data-element_type=\"widget\" data-e-type=\"widget\" data-widget_type=\"text-editor.default\">\n\t\t\t\t\t\t\t\t\t<p data-start=\"2020\" data-end=\"2161\">Estamos encantado de ofrecer un corto <strong data-start=\"2049\" data-end=\"2079\">15-minute land orientation<\/strong>Sin lecciones ni agenda: solo una peque\u00f1a ventana a lo que hacemos y por qu\u00e9 es importante para nosotros. Y si t\u00fa tambi\u00e9n est\u00e1s pensando en una vida m\u00e1s conectada con la naturaleza, nos encantan esas conversaciones.<\/p>\t\t\t\t\t\t\t\t<\/div>\n\t\t\t\t<section class=\"elementor-section elementor-inner-section elementor-element elementor-element-bf41f55 elementor-section-boxed elementor-section-height-default elementor-section-height-default\" data-id=\"bf41f55\" data-element_type=\"section\" data-e-type=\"section\">\n\t\t\t\t\t\t<div class=\"elementor-container elementor-column-gap-default\">\n\t\t\t\t\t<div class=\"elementor-column elementor-col-50 elementor-inner-column elementor-element elementor-element-d88e81f\" data-id=\"d88e81f\" data-element_type=\"column\" data-e-type=\"column\">\n\t\t\t<div class=\"elementor-widget-wrap elementor-element-populated\">\n\t\t\t\t\t\t<div class=\"elementor-element elementor-element-2f84d29 elementor-align-justify elementor-widget elementor-widget-button\" data-id=\"2f84d29\" data-element_type=\"widget\" data-e-type=\"widget\" data-widget_type=\"button.default\">\n\t\t\t\t\t\t\t\t\t\t<a class=\"elementor-button elementor-button-link elementor-size-sm\" href=\"https:\/\/backtolatierra.com\/es\/rooms\/\">\n\t\t\t\t\t\t<span class=\"elementor-button-content-wrapper\">\n\t\t\t\t\t\t\t\t\t<span class=\"elementor-button-text\">Reservar<\/span>\n\t\t\t\t\t<\/span>\n\t\t\t\t\t<\/a>\n\t\t\t\t\t\t\t\t<\/div>\n\t\t\t\t\t<\/div>\n\t\t<\/div>\n\t\t\t\t<div class=\"elementor-column elementor-col-50 elementor-inner-column elementor-element elementor-element-28b447b\" data-id=\"28b447b\" data-element_type=\"column\" data-e-type=\"column\">\n\t\t\t<div class=\"elementor-widget-wrap elementor-element-populated\">\n\t\t\t\t\t\t<div class=\"elementor-element elementor-element-cb8a8b9 elementor-align-justify elementor-widget elementor-widget-button\" data-id=\"cb8a8b9\" data-element_type=\"widget\" data-e-type=\"widget\" data-widget_type=\"button.default\">\n\t\t\t\t\t\t\t\t\t\t<a class=\"elementor-button elementor-button-link elementor-size-sm\" href=\"https:\/\/backtolatierra.com\/es\/contact\/\">\n\t\t\t\t\t\t<span class=\"elementor-button-content-wrapper\">\n\t\t\t\t\t\t\t\t\t<span class=\"elementor-button-text\">Cont\u00e1ctanos<\/span>\n\t\t\t\t\t<\/span>\n\t\t\t\t\t<\/a>\n\t\t\t\t\t\t\t\t<\/div>\n\t\t\t\t\t<\/div>\n\t\t<\/div>\n\t\t\t\t\t<\/div>\n\t\t<\/section>\n\t\t\t\t\t<\/div>\n\t\t<\/div>\n\t\t\t\t\t<\/div>\n\t\t<\/section>\n\t\t\t\t<\/div>","protected":false},"excerpt":{"rendered":"<p>OUR APPROACH Many places offer a setting. We offer a lens. Back to La Tierra is designed first for peace, [&hellip;]<\/p>\n","protected":false},"author":1,"featured_media":324,"parent":0,"menu_order":0,"comment_status":"closed","ping_status":"closed","template":"","meta":{"site-sidebar-layout":"no-sidebar","site-content-layout":"","ast-site-content-layout":"full-width-container","site-content-style":"default","site-sidebar-style":"default","ast-global-header-display":"","ast-banner-title-visibility":"","ast-main-header-display":"","ast-hfb-above-header-display":"","ast-hfb-below-header-display":"","ast-hfb-mobile-header-display":"","site-post-title":"","ast-breadcrumbs-content":"","ast-featured-img":"disabled","footer-sml-layout":"","ast-disable-related-posts":"","theme-transparent-header-meta":"","adv-header-id-meta":"","stick-header-meta":"","header-above-stick-meta":"","header-main-stick-meta":"","header-below-stick-meta":"","astra-migrate-meta-layouts":"default","ast-page-background-enabled":"default","ast-page-background-meta":{"desktop":{"background-color":"var(--ast-global-color-5)","background-image":"","background-repeat":"repeat","background-position":"center center","background-size":"auto","background-attachment":"scroll","background-type":"","background-media":"","overlay-type":"","overlay-color":"","overlay-opacity":"","overlay-gradient":""},"tablet":{"background-color":"","background-image":"","background-repeat":"repeat","background-position":"center center","background-size":"auto","background-attachment":"scroll","background-type":"","background-media":"","overlay-type":"","overlay-color":"","overlay-opacity":"","overlay-gradient":""},"mobile":{"background-color":"","background-image":"","background-repeat":"repeat","background-position":"center center","background-size":"auto","background-attachment":"scroll","background-type":"","background-media":"","overlay-type":"","overlay-color":"","overlay-opacity":"","overlay-gradient":""}},"ast-content-background-meta":{"desktop":{"background-color":"var(--ast-global-color-4)","background-image":"","background-repeat":"repeat","background-position":"center center","background-size":"auto","background-attachment":"scroll","background-type":"","background-media":"","overlay-type":"","overlay-color":"","overlay-opacity":"","overlay-gradient":""},"tablet":{"background-color":"var(--ast-global-color-4)","background-image":"","background-repeat":"repeat","background-position":"center center","background-size":"auto","background-attachment":"scroll","background-type":"","background-media":"","overlay-type":"","overlay-color":"","overlay-opacity":"","overlay-gradient":""},"mobile":{"background-color":"var(--ast-global-color-4)","background-image":"","background-repeat":"repeat","background-position":"center center","background-size":"auto","background-attachment":"scroll","background-type":"","background-media":"","overlay-type":"","overlay-color":"","overlay-opacity":"","overlay-gradient":""}},"footnotes":""},"class_list":["post-607","page","type-page","status-publish","has-post-thumbnail","hentry"],"yoast_head":"<!-- This site is optimized with the Yoast SEO plugin v27.4 - https:\/\/yoast.com\/product\/yoast-seo-wordpress\/ -->\n<title>About Us | Meet Back to La Tierra in Mijas, Andalucia, Spain<\/title>\n<meta name=\"description\" content=\"Discover Back to La Tierra in Mijas, Andalusia. Learn about our commitment to sustainability and eco-friendly hospitality that shapes every detail of your stay.\" \/>\n<meta name=\"robots\" content=\"index, follow, max-snippet:-1, max-image-preview:large, max-video-preview:-1\" \/>\n<link rel=\"canonical\" href=\"https:\/\/backtolatierra.com\/es\/regeneration\/\" \/>\n<meta property=\"og:locale\" content=\"es_ES\" \/>\n<meta property=\"og:type\" content=\"article\" \/>\n<meta property=\"og:title\" content=\"About Us | Meet Back to La Tierra in Mijas, Andalucia, Spain\" \/>\n<meta property=\"og:description\" content=\"Discover Back to La Tierra in Mijas, Andalusia. Learn about our commitment to sustainability and eco-friendly hospitality that shapes every detail of your stay.\" \/>\n<meta property=\"og:url\" content=\"https:\/\/backtolatierra.com\/es\/regeneration\/\" \/>\n<meta property=\"og:site_name\" content=\"Back to La Tierra - Finca Stay in Mijas, Andalusia\" \/>\n<meta property=\"article:modified_time\" content=\"2026-03-03T09:06:06+00:00\" \/>\n<meta property=\"og:image\" content=\"https:\/\/backtolatierra.com\/wp-content\/uploads\/2025\/10\/Back-to-La-Tierra-Home-23.jpg\" \/>\n\t<meta property=\"og:image:width\" content=\"900\" \/>\n\t<meta property=\"og:image:height\" content=\"675\" \/>\n\t<meta property=\"og:image:type\" content=\"image\/jpeg\" \/>\n<meta name=\"twitter:card\" content=\"summary_large_image\" \/>\n<meta name=\"twitter:label1\" content=\"Tiempo de lectura\" \/>\n\t<meta name=\"twitter:data1\" content=\"2 minutos\" \/>\n<script type=\"application\/ld+json\" class=\"yoast-schema-graph\">{\"@context\":\"https:\\\/\\\/schema.org\",\"@graph\":[{\"@type\":\"WebPage\",\"@id\":\"https:\\\/\\\/backtolatierra.com\\\/regeneration\\\/\",\"url\":\"https:\\\/\\\/backtolatierra.com\\\/regeneration\\\/\",\"name\":\"About Us | Meet Back to La Tierra in Mijas, Andalucia, Spain\",\"isPartOf\":{\"@id\":\"https:\\\/\\\/backtolatierra.com\\\/#website\"},\"primaryImageOfPage\":{\"@id\":\"https:\\\/\\\/backtolatierra.com\\\/regeneration\\\/#primaryimage\"},\"image\":{\"@id\":\"https:\\\/\\\/backtolatierra.com\\\/regeneration\\\/#primaryimage\"},\"thumbnailUrl\":\"https:\\\/\\\/backtolatierra.com\\\/wp-content\\\/uploads\\\/2025\\\/10\\\/Back-to-La-Tierra-Home-23.jpg\",\"datePublished\":\"2025-10-28T10:33:19+00:00\",\"dateModified\":\"2026-03-03T09:06:06+00:00\",\"description\":\"Discover Back to La Tierra in Mijas, Andalusia. Learn about our commitment to sustainability and eco-friendly hospitality that shapes every detail of your stay.\",\"breadcrumb\":{\"@id\":\"https:\\\/\\\/backtolatierra.com\\\/regeneration\\\/#breadcrumb\"},\"inLanguage\":\"es\",\"potentialAction\":[{\"@type\":\"ReadAction\",\"target\":[\"https:\\\/\\\/backtolatierra.com\\\/regeneration\\\/\"]}]},{\"@type\":\"ImageObject\",\"inLanguage\":\"es\",\"@id\":\"https:\\\/\\\/backtolatierra.com\\\/regeneration\\\/#primaryimage\",\"url\":\"https:\\\/\\\/backtolatierra.com\\\/wp-content\\\/uploads\\\/2025\\\/10\\\/Back-to-La-Tierra-Home-23.jpg\",\"contentUrl\":\"https:\\\/\\\/backtolatierra.com\\\/wp-content\\\/uploads\\\/2025\\\/10\\\/Back-to-La-Tierra-Home-23.jpg\",\"width\":900,\"height\":675,\"caption\":\"Regeneration Back to La Tierra\"},{\"@type\":\"BreadcrumbList\",\"@id\":\"https:\\\/\\\/backtolatierra.com\\\/regeneration\\\/#breadcrumb\",\"itemListElement\":[{\"@type\":\"ListItem\",\"position\":1,\"name\":\"Portada\",\"item\":\"https:\\\/\\\/backtolatierra.com\\\/\"},{\"@type\":\"ListItem\",\"position\":2,\"name\":\"Our approach\"}]},{\"@type\":\"WebSite\",\"@id\":\"https:\\\/\\\/backtolatierra.com\\\/#website\",\"url\":\"https:\\\/\\\/backtolatierra.com\\\/\",\"name\":\"Back to La Tierra - Finca Stay in Mijas, Andalusia\",\"description\":\"Experience eco-luxury at Back to La Tierra in Mijas, Andalusia. Natural design, sustainable comfort, nestled between mountains and sea.\",\"publisher\":{\"@id\":\"https:\\\/\\\/backtolatierra.com\\\/#organization\"},\"potentialAction\":[{\"@type\":\"SearchAction\",\"target\":{\"@type\":\"EntryPoint\",\"urlTemplate\":\"https:\\\/\\\/backtolatierra.com\\\/?s={search_term_string}\"},\"query-input\":{\"@type\":\"PropertyValueSpecification\",\"valueRequired\":true,\"valueName\":\"search_term_string\"}}],\"inLanguage\":\"es\"},{\"@type\":\"Organization\",\"@id\":\"https:\\\/\\\/backtolatierra.com\\\/#organization\",\"name\":\"Back to La Tierra - Finca Stay in Mijas, Andalusia\",\"url\":\"https:\\\/\\\/backtolatierra.com\\\/\",\"logo\":{\"@type\":\"ImageObject\",\"inLanguage\":\"es\",\"@id\":\"https:\\\/\\\/backtolatierra.com\\\/#\\\/schema\\\/logo\\\/image\\\/\",\"url\":\"https:\\\/\\\/backtolatierra.com\\\/wp-content\\\/uploads\\\/2025\\\/09\\\/cropped-logo-Back-to-La-Tierra-2025.png\",\"contentUrl\":\"https:\\\/\\\/backtolatierra.com\\\/wp-content\\\/uploads\\\/2025\\\/09\\\/cropped-logo-Back-to-La-Tierra-2025.png\",\"width\":913,\"height\":156,\"caption\":\"Back to La Tierra - Finca Stay in Mijas, Andalusia\"},\"image\":{\"@id\":\"https:\\\/\\\/backtolatierra.com\\\/#\\\/schema\\\/logo\\\/image\\\/\"}}]}<\/script>\n<!-- \/ Yoast SEO plugin. -->","yoast_head_json":{"title":"About Us | Meet Back to La Tierra in Mijas, Andalucia, Spain","description":"Discover Back to La Tierra in Mijas, Andalusia. Learn about our commitment to sustainability and eco-friendly hospitality that shapes every detail of your stay.","robots":{"index":"index","follow":"follow","max-snippet":"max-snippet:-1","max-image-preview":"max-image-preview:large","max-video-preview":"max-video-preview:-1"},"canonical":"https:\/\/backtolatierra.com\/es\/regeneration\/","og_locale":"es_ES","og_type":"article","og_title":"About Us | Meet Back to La Tierra in Mijas, Andalucia, Spain","og_description":"Discover Back to La Tierra in Mijas, Andalusia. Learn about our commitment to sustainability and eco-friendly hospitality that shapes every detail of your stay.","og_url":"https:\/\/backtolatierra.com\/es\/regeneration\/","og_site_name":"Back to La Tierra - Finca Stay in Mijas, Andalusia","article_modified_time":"2026-03-03T09:06:06+00:00","og_image":[{"width":900,"height":675,"url":"https:\/\/backtolatierra.com\/wp-content\/uploads\/2025\/10\/Back-to-La-Tierra-Home-23.jpg","type":"image\/jpeg"}],"twitter_card":"summary_large_image","twitter_misc":{"Tiempo de lectura":"2 minutos"},"schema":{"@context":"https:\/\/schema.org","@graph":[{"@type":"WebPage","@id":"https:\/\/backtolatierra.com\/regeneration\/","url":"https:\/\/backtolatierra.com\/regeneration\/","name":"About Us | Meet Back to La Tierra in Mijas, Andalucia, Spain","isPartOf":{"@id":"https:\/\/backtolatierra.com\/#website"},"primaryImageOfPage":{"@id":"https:\/\/backtolatierra.com\/regeneration\/#primaryimage"},"image":{"@id":"https:\/\/backtolatierra.com\/regeneration\/#primaryimage"},"thumbnailUrl":"https:\/\/backtolatierra.com\/wp-content\/uploads\/2025\/10\/Back-to-La-Tierra-Home-23.jpg","datePublished":"2025-10-28T10:33:19+00:00","dateModified":"2026-03-03T09:06:06+00:00","description":"Discover Back to La Tierra in Mijas, Andalusia. Learn about our commitment to sustainability and eco-friendly hospitality that shapes every detail of your stay.","breadcrumb":{"@id":"https:\/\/backtolatierra.com\/regeneration\/#breadcrumb"},"inLanguage":"es","potentialAction":[{"@type":"ReadAction","target":["https:\/\/backtolatierra.com\/regeneration\/"]}]},{"@type":"ImageObject","inLanguage":"es","@id":"https:\/\/backtolatierra.com\/regeneration\/#primaryimage","url":"https:\/\/backtolatierra.com\/wp-content\/uploads\/2025\/10\/Back-to-La-Tierra-Home-23.jpg","contentUrl":"https:\/\/backtolatierra.com\/wp-content\/uploads\/2025\/10\/Back-to-La-Tierra-Home-23.jpg","width":900,"height":675,"caption":"Regeneration Back to La Tierra"},{"@type":"BreadcrumbList","@id":"https:\/\/backtolatierra.com\/regeneration\/#breadcrumb","itemListElement":[{"@type":"ListItem","position":1,"name":"Portada","item":"https:\/\/backtolatierra.com\/"},{"@type":"ListItem","position":2,"name":"Our approach"}]},{"@type":"WebSite","@id":"https:\/\/backtolatierra.com\/#website","url":"https:\/\/backtolatierra.com\/","name":"Back to La Tierra - Finca Stay in Mijas, Andalusia","description":"Experience eco-luxury at Back to La Tierra in Mijas, Andalusia. Natural design, sustainable comfort, nestled between mountains and sea.","publisher":{"@id":"https:\/\/backtolatierra.com\/#organization"},"potentialAction":[{"@type":"SearchAction","target":{"@type":"EntryPoint","urlTemplate":"https:\/\/backtolatierra.com\/?s={search_term_string}"},"query-input":{"@type":"PropertyValueSpecification","valueRequired":true,"valueName":"search_term_string"}}],"inLanguage":"es"},{"@type":"Organization","@id":"https:\/\/backtolatierra.com\/#organization","name":"Back to La Tierra - Finca Stay in Mijas, Andalusia","url":"https:\/\/backtolatierra.com\/","logo":{"@type":"ImageObject","inLanguage":"es","@id":"https:\/\/backtolatierra.com\/#\/schema\/logo\/image\/","url":"https:\/\/backtolatierra.com\/wp-content\/uploads\/2025\/09\/cropped-logo-Back-to-La-Tierra-2025.png","contentUrl":"https:\/\/backtolatierra.com\/wp-content\/uploads\/2025\/09\/cropped-logo-Back-to-La-Tierra-2025.png","width":913,"height":156,"caption":"Back to La Tierra - Finca Stay in Mijas, Andalusia"},"image":{"@id":"https:\/\/backtolatierra.com\/#\/schema\/logo\/image\/"}}]}},"_links":{"self":[{"href":"https:\/\/backtolatierra.com\/es\/wp-json\/wp\/v2\/pages\/607","targetHints":{"allow":["GET"]}}],"collection":[{"href":"https:\/\/backtolatierra.com\/es\/wp-json\/wp\/v2\/pages"}],"about":[{"href":"https:\/\/backtolatierra.com\/es\/wp-json\/wp\/v2\/types\/page"}],"author":[{"embeddable":true,"href":"https:\/\/backtolatierra.com\/es\/wp-json\/wp\/v2\/users\/1"}],"replies":[{"embeddable":true,"href":"https:\/\/backtolatierra.com\/es\/wp-json\/wp\/v2\/comments?post=607"}],"version-history":[{"count":37,"href":"https:\/\/backtolatierra.com\/es\/wp-json\/wp\/v2\/pages\/607\/revisions"}],"predecessor-version":[{"id":1031,"href":"https:\/\/backtolatierra.com\/es\/wp-json\/wp\/v2\/pages\/607\/revisions\/1031"}],"wp:featuredmedia":[{"embeddable":true,"href":"https:\/\/backtolatierra.com\/es\/wp-json\/wp\/v2\/media\/324"}],"wp:attachment":[{"href":"https:\/\/backtolatierra.com\/es\/wp-json\/wp\/v2\/media?parent=607"}],"curies":[{"name":"wp","href":"https:\/\/api.w.org\/{rel}","templated":true}]}}