{"id":576,"date":"2025-10-28T11:23:47","date_gmt":"2025-10-28T10:23:47","guid":{"rendered":"https:\/\/newweb.backtolatierra.com\/?page_id=576"},"modified":"2025-12-03T16:58:51","modified_gmt":"2025-12-03T15:58:51","slug":"faq","status":"publish","type":"page","link":"https:\/\/backtolatierra.com\/es\/faq\/","title":{"rendered":"Preguntas frecuentes"},"content":{"rendered":"<div data-elementor-type=\"wp-page\" data-elementor-id=\"576\" class=\"elementor elementor-576\">\n\t\t\t\t\t\t<section class=\"elementor-section elementor-top-section elementor-element elementor-element-46cb926 elementor-section-full_width elementor-section-height-min-height elementor-section-height-default elementor-section-items-middle\" data-id=\"46cb926\" data-element_type=\"section\" data-e-type=\"section\" data-settings=\"{&quot;background_background&quot;:&quot;classic&quot;}\">\n\t\t\t\t\t\t\t<div class=\"elementor-background-overlay\"><\/div>\n\t\t\t\t\t\t\t<div class=\"elementor-container elementor-column-gap-default\">\n\t\t\t\t\t<div class=\"elementor-column elementor-col-100 elementor-top-column elementor-element elementor-element-6bd0d9f\" data-id=\"6bd0d9f\" data-element_type=\"column\" data-e-type=\"column\">\n\t\t\t<div class=\"elementor-widget-wrap elementor-element-populated\">\n\t\t\t\t\t\t<div class=\"elementor-element elementor-element-0085459 elementor-widget elementor-widget-heading\" data-id=\"0085459\" data-element_type=\"widget\" data-e-type=\"widget\" data-widget_type=\"heading.default\">\n\t\t\t\t\t<h2 class=\"elementor-heading-title elementor-size-default\">PREGUNTAS FRECUENTES<\/h2>\t\t\t\t<\/div>\n\t\t\t\t\t<\/div>\n\t\t<\/div>\n\t\t\t\t\t<\/div>\n\t\t<\/section>\n\t\t\t\t<section class=\"elementor-section elementor-top-section elementor-element elementor-element-3efd737 elementor-section-boxed elementor-section-height-default elementor-section-height-default\" data-id=\"3efd737\" data-element_type=\"section\" data-e-type=\"section\">\n\t\t\t\t\t\t<div class=\"elementor-container elementor-column-gap-default\">\n\t\t\t\t\t<div class=\"elementor-column elementor-col-100 elementor-top-column elementor-element elementor-element-4571ca3\" data-id=\"4571ca3\" data-element_type=\"column\" data-e-type=\"column\">\n\t\t\t<div class=\"elementor-widget-wrap elementor-element-populated\">\n\t\t\t\t\t\t<div class=\"elementor-element elementor-element-79483ad elementor-widget elementor-widget-text-editor\" data-id=\"79483ad\" data-element_type=\"widget\" data-e-type=\"widget\" data-widget_type=\"text-editor.default\">\n\t\t\t\t\t\t\t\t\t<p><strong>\u00bfD\u00f3nde est\u00e1n?<\/strong><br \/>Entre Mijas Pueblo y el Mediterr\u00e1neo, a unos 10 minutos de ambos. Estamos en la sierra\u2014tranquilo, verde y a la vez cerca de todo.<\/p><p><strong>\u00bfNecesito coche?<\/strong><br \/>Ayuda para playas, mercados y explorar la zona. Tambi\u00e9n funcionan taxis\/Uber y hay bus que conecta Mijas Pueblo (monta\u00f1a) con Fuengirola (costa).<\/p><p><strong>\u00bfC\u00f3mo llego desde el aeropuerto?<\/strong><br \/>El m\u00e1s cercano es M\u00e1laga (AGP). En coche son ~25\u201330 min. Enviaremos un pin y indicaciones sencillas antes de tu llegada. Tambi\u00e9n hay tren desde el aeropuerto hasta Fuengirola (\u224845 min).<\/p><p><strong>\u00bfEstancia m\u00ednima?<\/strong><br \/>Normalmente 3 noches. En temporada alta podemos pedir 4 o m\u00e1s.<\/p><p><strong>\u00bfCheck-in \/ check-out?<\/strong><br \/>Check-in desde las 16:00, check-out hasta las 11:00. Si necesitas flexibilidad, d\u00ednoslo e intentaremos adaptarnos.<\/p><p><strong>\u00bfHay Wi-Fi?<\/strong><br \/>S\u00ed\u2014suficiente para uso normal. Si te apetece, fomentamos d\u00edas \u201cdigital-light\u201d.<\/p><p><strong>\u00bfPuedo cocinar?<\/strong><br \/>The Casita (kitchenette) and the Ochre Apt (kitchen) are for cooking. The Sienna Suite is a hotel type room with a small fridge and tea\/coffee corner.<\/p><p><strong>\u00bfD\u00f3nde comprar comida?<\/strong><br \/>Mercados locales y supermercados (Aldi\/Lidl) cerca.<\/p><p><strong>\u00bfIncluye desayuno?<\/strong><br \/>No servimos desayuno. Si quieres, pide una cesta estacional a tu llegada.<\/p><p><strong>\u00bfHay piscina?<\/strong><br \/>S\u00ed\u2014magn\u00edfica piscina en el jard\u00edn, abierta todo el a\u00f1o.<\/p><p><strong>\u00bfOfrecen yoga o pr\u00e1ctica matinal?<\/strong><br \/>A petici\u00f3n. Gu\u00edo una pr\u00e1ctica suave al aire libre (si el tiempo lo permite). P\u00eddelo al reservar.<\/p><p><strong>\u00bfSe admiten ni\u00f1os?<\/strong><br \/>Back to la Tierra es solo para adultos.<\/p><p><strong>\u00bfMascotas?<\/strong><br \/>Amamos los animales, pero para proteger la fauna y el jard\u00edn, no aceptamos mascotas por ahora.<\/p><p><strong>\u00bfIdiomas?<\/strong><br \/>Ingl\u00e9s, espa\u00f1ol, neerland\u00e9s, franc\u00e9s y alem\u00e1n.<\/p><p><strong>\u00bfParking?<\/strong><br \/>Aparcamiento gratuito en la finca.<\/p><p><strong>Sostenibilidad \u2014 \u00bfqu\u00e9 hacen realmente?<\/strong><br \/>\u201cSustainable\u201d suggests keeping things as they are. At Back to la Tierra, we choose regeneration: giving more than we take, improving what\u2019s here, and helping land, people, and community become more alive with every season.<\/p>\t\t\t\t\t\t\t\t<\/div>\n\t\t\t\t\t<\/div>\n\t\t<\/div>\n\t\t\t\t\t<\/div>\n\t\t<\/section>\n\t\t\t\t<section class=\"elementor-section elementor-top-section elementor-element elementor-element-96bb47c elementor-section-boxed elementor-section-height-default elementor-section-height-default\" data-id=\"96bb47c\" data-element_type=\"section\" data-e-type=\"section\">\n\t\t\t\t\t\t<div class=\"elementor-container elementor-column-gap-default\">\n\t\t\t\t\t<div class=\"elementor-column elementor-col-100 elementor-top-column elementor-element elementor-element-cc02149\" data-id=\"cc02149\" data-element_type=\"column\" data-e-type=\"column\">\n\t\t\t<div class=\"elementor-widget-wrap elementor-element-populated\">\n\t\t\t\t\t\t<section class=\"elementor-section elementor-inner-section elementor-element elementor-element-bf41f55 elementor-section-boxed elementor-section-height-default elementor-section-height-default\" data-id=\"bf41f55\" data-element_type=\"section\" data-e-type=\"section\">\n\t\t\t\t\t\t<div class=\"elementor-container elementor-column-gap-default\">\n\t\t\t\t\t<div class=\"elementor-column elementor-col-50 elementor-inner-column elementor-element elementor-element-d88e81f\" data-id=\"d88e81f\" data-element_type=\"column\" data-e-type=\"column\">\n\t\t\t<div class=\"elementor-widget-wrap elementor-element-populated\">\n\t\t\t\t\t\t<div class=\"elementor-element elementor-element-2f84d29 elementor-align-justify elementor-widget elementor-widget-button\" data-id=\"2f84d29\" data-element_type=\"widget\" data-e-type=\"widget\" data-widget_type=\"button.default\">\n\t\t\t\t\t\t\t\t\t\t<a class=\"elementor-button elementor-button-link elementor-size-sm\" href=\"https:\/\/backtolatierra.com\/es\/rooms\/\">\n\t\t\t\t\t\t<span class=\"elementor-button-content-wrapper\">\n\t\t\t\t\t\t\t\t\t<span class=\"elementor-button-text\">Reservar<\/span>\n\t\t\t\t\t<\/span>\n\t\t\t\t\t<\/a>\n\t\t\t\t\t\t\t\t<\/div>\n\t\t\t\t\t<\/div>\n\t\t<\/div>\n\t\t\t\t<div class=\"elementor-column elementor-col-50 elementor-inner-column elementor-element elementor-element-28b447b\" data-id=\"28b447b\" data-element_type=\"column\" data-e-type=\"column\">\n\t\t\t<div class=\"elementor-widget-wrap elementor-element-populated\">\n\t\t\t\t\t\t<div class=\"elementor-element elementor-element-cb8a8b9 elementor-align-justify elementor-widget elementor-widget-button\" data-id=\"cb8a8b9\" data-element_type=\"widget\" data-e-type=\"widget\" data-widget_type=\"button.default\">\n\t\t\t\t\t\t\t\t\t\t<a class=\"elementor-button elementor-button-link elementor-size-sm\" href=\"https:\/\/backtolatierra.com\/es\/contact\/\">\n\t\t\t\t\t\t<span class=\"elementor-button-content-wrapper\">\n\t\t\t\t\t\t\t\t\t<span class=\"elementor-button-text\">Cont\u00e1ctanos<\/span>\n\t\t\t\t\t<\/span>\n\t\t\t\t\t<\/a>\n\t\t\t\t\t\t\t\t<\/div>\n\t\t\t\t\t<\/div>\n\t\t<\/div>\n\t\t\t\t\t<\/div>\n\t\t<\/section>\n\t\t\t\t\t<\/div>\n\t\t<\/div>\n\t\t\t\t\t<\/div>\n\t\t<\/section>\n\t\t\t\t<\/div>","protected":false},"excerpt":{"rendered":"<p>FAQ Back to La Tierra Where are you?Between Mijas Pueblo and the Mediterranean, about 10 minutes from both. We\u2019re in [&hellip;]<\/p>\n","protected":false},"author":1,"featured_media":434,"parent":0,"menu_order":0,"comment_status":"closed","ping_status":"closed","template":"","meta":{"site-sidebar-layout":"no-sidebar","site-content-layout":"","ast-site-content-layout":"full-width-container","site-content-style":"default","site-sidebar-style":"default","ast-global-header-display":"","ast-banner-title-visibility":"","ast-main-header-display":"","ast-hfb-above-header-display":"","ast-hfb-below-header-display":"","ast-hfb-mobile-header-display":"","site-post-title":"","ast-breadcrumbs-content":"","ast-featured-img":"disabled","footer-sml-layout":"","ast-disable-related-posts":"","theme-transparent-header-meta":"","adv-header-id-meta":"","stick-header-meta":"","header-above-stick-meta":"","header-main-stick-meta":"","header-below-stick-meta":"","astra-migrate-meta-layouts":"default","ast-page-background-enabled":"default","ast-page-background-meta":{"desktop":{"background-color":"var(--ast-global-color-5)","background-image":"","background-repeat":"repeat","background-position":"center center","background-size":"auto","background-attachment":"scroll","background-type":"","background-media":"","overlay-type":"","overlay-color":"","overlay-opacity":"","overlay-gradient":""},"tablet":{"background-color":"","background-image":"","background-repeat":"repeat","background-position":"center center","background-size":"auto","background-attachment":"scroll","background-type":"","background-media":"","overlay-type":"","overlay-color":"","overlay-opacity":"","overlay-gradient":""},"mobile":{"background-color":"","background-image":"","background-repeat":"repeat","background-position":"center center","background-size":"auto","background-attachment":"scroll","background-type":"","background-media":"","overlay-type":"","overlay-color":"","overlay-opacity":"","overlay-gradient":""}},"ast-content-background-meta":{"desktop":{"background-color":"var(--ast-global-color-4)","background-image":"","background-repeat":"repeat","background-position":"center center","background-size":"auto","background-attachment":"scroll","background-type":"","background-media":"","overlay-type":"","overlay-color":"","overlay-opacity":"","overlay-gradient":""},"tablet":{"background-color":"var(--ast-global-color-4)","background-image":"","background-repeat":"repeat","background-position":"center center","background-size":"auto","background-attachment":"scroll","background-type":"","background-media":"","overlay-type":"","overlay-color":"","overlay-opacity":"","overlay-gradient":""},"mobile":{"background-color":"var(--ast-global-color-4)","background-image":"","background-repeat":"repeat","background-position":"center center","background-size":"auto","background-attachment":"scroll","background-type":"","background-media":"","overlay-type":"","overlay-color":"","overlay-opacity":"","overlay-gradient":""}},"footnotes":""},"class_list":["post-576","page","type-page","status-publish","has-post-thumbnail","hentry"],"yoast_head":"<!-- This site is optimized with the Yoast SEO plugin v27.4 - https:\/\/yoast.com\/product\/yoast-seo-wordpress\/ -->\n<title>FAQ | Meet Back to La Tierra in Mijas, Andalucia, Spain<\/title>\n<meta name=\"description\" content=\"Find clear answers to common questions about booking your stay at Back to La Tierra and what to expect during your visit.\" \/>\n<meta name=\"robots\" content=\"index, follow, max-snippet:-1, max-image-preview:large, max-video-preview:-1\" \/>\n<link rel=\"canonical\" href=\"https:\/\/backtolatierra.com\/es\/faq\/\" \/>\n<meta property=\"og:locale\" content=\"es_ES\" \/>\n<meta property=\"og:type\" content=\"article\" \/>\n<meta property=\"og:title\" content=\"FAQ | Meet Back to La Tierra in Mijas, Andalucia, Spain\" \/>\n<meta property=\"og:description\" content=\"Find clear answers to common questions about booking your stay at Back to La Tierra and what to expect during your visit.\" \/>\n<meta property=\"og:url\" content=\"https:\/\/backtolatierra.com\/es\/faq\/\" \/>\n<meta property=\"og:site_name\" content=\"Back to La Tierra - Finca Stay in Mijas, Andalusia\" \/>\n<meta property=\"article:modified_time\" content=\"2025-12-03T15:58:51+00:00\" \/>\n<meta property=\"og:image\" content=\"https:\/\/backtolatierra.com\/wp-content\/uploads\/2025\/10\/Back-to-La-Tierra-45.jpg\" \/>\n\t<meta property=\"og:image:width\" content=\"900\" \/>\n\t<meta property=\"og:image:height\" content=\"679\" \/>\n\t<meta property=\"og:image:type\" content=\"image\/jpeg\" \/>\n<meta name=\"twitter:card\" content=\"summary_large_image\" \/>\n<meta name=\"twitter:label1\" content=\"Tiempo de lectura\" \/>\n\t<meta name=\"twitter:data1\" content=\"2 minutos\" \/>\n<script type=\"application\/ld+json\" class=\"yoast-schema-graph\">{\"@context\":\"https:\\\/\\\/schema.org\",\"@graph\":[{\"@type\":\"WebPage\",\"@id\":\"https:\\\/\\\/backtolatierra.com\\\/faq\\\/\",\"url\":\"https:\\\/\\\/backtolatierra.com\\\/faq\\\/\",\"name\":\"FAQ | Meet Back to La Tierra in Mijas, Andalucia, Spain\",\"isPartOf\":{\"@id\":\"https:\\\/\\\/backtolatierra.com\\\/#website\"},\"primaryImageOfPage\":{\"@id\":\"https:\\\/\\\/backtolatierra.com\\\/faq\\\/#primaryimage\"},\"image\":{\"@id\":\"https:\\\/\\\/backtolatierra.com\\\/faq\\\/#primaryimage\"},\"thumbnailUrl\":\"https:\\\/\\\/backtolatierra.com\\\/wp-content\\\/uploads\\\/2025\\\/10\\\/Back-to-La-Tierra-45.jpg\",\"datePublished\":\"2025-10-28T10:23:47+00:00\",\"dateModified\":\"2025-12-03T15:58:51+00:00\",\"description\":\"Find clear answers to common questions about booking your stay at Back to La Tierra and what to expect during your visit.\",\"breadcrumb\":{\"@id\":\"https:\\\/\\\/backtolatierra.com\\\/faq\\\/#breadcrumb\"},\"inLanguage\":\"es\",\"potentialAction\":[{\"@type\":\"ReadAction\",\"target\":[\"https:\\\/\\\/backtolatierra.com\\\/faq\\\/\"]}]},{\"@type\":\"ImageObject\",\"inLanguage\":\"es\",\"@id\":\"https:\\\/\\\/backtolatierra.com\\\/faq\\\/#primaryimage\",\"url\":\"https:\\\/\\\/backtolatierra.com\\\/wp-content\\\/uploads\\\/2025\\\/10\\\/Back-to-La-Tierra-45.jpg\",\"contentUrl\":\"https:\\\/\\\/backtolatierra.com\\\/wp-content\\\/uploads\\\/2025\\\/10\\\/Back-to-La-Tierra-45.jpg\",\"width\":900,\"height\":679},{\"@type\":\"BreadcrumbList\",\"@id\":\"https:\\\/\\\/backtolatierra.com\\\/faq\\\/#breadcrumb\",\"itemListElement\":[{\"@type\":\"ListItem\",\"position\":1,\"name\":\"Portada\",\"item\":\"https:\\\/\\\/backtolatierra.com\\\/\"},{\"@type\":\"ListItem\",\"position\":2,\"name\":\"FAQ\"}]},{\"@type\":\"WebSite\",\"@id\":\"https:\\\/\\\/backtolatierra.com\\\/#website\",\"url\":\"https:\\\/\\\/backtolatierra.com\\\/\",\"name\":\"Back to La Tierra - Finca Stay in Mijas, Andalusia\",\"description\":\"Experience eco-luxury at Back to La Tierra in Mijas, Andalusia. Natural design, sustainable comfort, nestled between mountains and sea.\",\"publisher\":{\"@id\":\"https:\\\/\\\/backtolatierra.com\\\/#organization\"},\"potentialAction\":[{\"@type\":\"SearchAction\",\"target\":{\"@type\":\"EntryPoint\",\"urlTemplate\":\"https:\\\/\\\/backtolatierra.com\\\/?s={search_term_string}\"},\"query-input\":{\"@type\":\"PropertyValueSpecification\",\"valueRequired\":true,\"valueName\":\"search_term_string\"}}],\"inLanguage\":\"es\"},{\"@type\":\"Organization\",\"@id\":\"https:\\\/\\\/backtolatierra.com\\\/#organization\",\"name\":\"Back to La Tierra - Finca Stay in Mijas, Andalusia\",\"url\":\"https:\\\/\\\/backtolatierra.com\\\/\",\"logo\":{\"@type\":\"ImageObject\",\"inLanguage\":\"es\",\"@id\":\"https:\\\/\\\/backtolatierra.com\\\/#\\\/schema\\\/logo\\\/image\\\/\",\"url\":\"https:\\\/\\\/backtolatierra.com\\\/wp-content\\\/uploads\\\/2025\\\/09\\\/cropped-logo-Back-to-La-Tierra-2025.png\",\"contentUrl\":\"https:\\\/\\\/backtolatierra.com\\\/wp-content\\\/uploads\\\/2025\\\/09\\\/cropped-logo-Back-to-La-Tierra-2025.png\",\"width\":913,\"height\":156,\"caption\":\"Back to La Tierra - Finca Stay in Mijas, Andalusia\"},\"image\":{\"@id\":\"https:\\\/\\\/backtolatierra.com\\\/#\\\/schema\\\/logo\\\/image\\\/\"}}]}<\/script>\n<!-- \/ Yoast SEO plugin. -->","yoast_head_json":{"title":"FAQ | Meet Back to La Tierra in Mijas, Andalucia, Spain","description":"Find clear answers to common questions about booking your stay at Back to La Tierra and what to expect during your visit.","robots":{"index":"index","follow":"follow","max-snippet":"max-snippet:-1","max-image-preview":"max-image-preview:large","max-video-preview":"max-video-preview:-1"},"canonical":"https:\/\/backtolatierra.com\/es\/faq\/","og_locale":"es_ES","og_type":"article","og_title":"FAQ | Meet Back to La Tierra in Mijas, Andalucia, Spain","og_description":"Find clear answers to common questions about booking your stay at Back to La Tierra and what to expect during your visit.","og_url":"https:\/\/backtolatierra.com\/es\/faq\/","og_site_name":"Back to La Tierra - Finca Stay in Mijas, Andalusia","article_modified_time":"2025-12-03T15:58:51+00:00","og_image":[{"width":900,"height":679,"url":"https:\/\/backtolatierra.com\/wp-content\/uploads\/2025\/10\/Back-to-La-Tierra-45.jpg","type":"image\/jpeg"}],"twitter_card":"summary_large_image","twitter_misc":{"Tiempo de lectura":"2 minutos"},"schema":{"@context":"https:\/\/schema.org","@graph":[{"@type":"WebPage","@id":"https:\/\/backtolatierra.com\/faq\/","url":"https:\/\/backtolatierra.com\/faq\/","name":"FAQ | Meet Back to La Tierra in Mijas, Andalucia, Spain","isPartOf":{"@id":"https:\/\/backtolatierra.com\/#website"},"primaryImageOfPage":{"@id":"https:\/\/backtolatierra.com\/faq\/#primaryimage"},"image":{"@id":"https:\/\/backtolatierra.com\/faq\/#primaryimage"},"thumbnailUrl":"https:\/\/backtolatierra.com\/wp-content\/uploads\/2025\/10\/Back-to-La-Tierra-45.jpg","datePublished":"2025-10-28T10:23:47+00:00","dateModified":"2025-12-03T15:58:51+00:00","description":"Find clear answers to common questions about booking your stay at Back to La Tierra and what to expect during your visit.","breadcrumb":{"@id":"https:\/\/backtolatierra.com\/faq\/#breadcrumb"},"inLanguage":"es","potentialAction":[{"@type":"ReadAction","target":["https:\/\/backtolatierra.com\/faq\/"]}]},{"@type":"ImageObject","inLanguage":"es","@id":"https:\/\/backtolatierra.com\/faq\/#primaryimage","url":"https:\/\/backtolatierra.com\/wp-content\/uploads\/2025\/10\/Back-to-La-Tierra-45.jpg","contentUrl":"https:\/\/backtolatierra.com\/wp-content\/uploads\/2025\/10\/Back-to-La-Tierra-45.jpg","width":900,"height":679},{"@type":"BreadcrumbList","@id":"https:\/\/backtolatierra.com\/faq\/#breadcrumb","itemListElement":[{"@type":"ListItem","position":1,"name":"Portada","item":"https:\/\/backtolatierra.com\/"},{"@type":"ListItem","position":2,"name":"FAQ"}]},{"@type":"WebSite","@id":"https:\/\/backtolatierra.com\/#website","url":"https:\/\/backtolatierra.com\/","name":"Back to La Tierra - Finca Stay in Mijas, Andalusia","description":"Experience eco-luxury at Back to La Tierra in Mijas, Andalusia. Natural design, sustainable comfort, nestled between mountains and sea.","publisher":{"@id":"https:\/\/backtolatierra.com\/#organization"},"potentialAction":[{"@type":"SearchAction","target":{"@type":"EntryPoint","urlTemplate":"https:\/\/backtolatierra.com\/?s={search_term_string}"},"query-input":{"@type":"PropertyValueSpecification","valueRequired":true,"valueName":"search_term_string"}}],"inLanguage":"es"},{"@type":"Organization","@id":"https:\/\/backtolatierra.com\/#organization","name":"Back to La Tierra - Finca Stay in Mijas, Andalusia","url":"https:\/\/backtolatierra.com\/","logo":{"@type":"ImageObject","inLanguage":"es","@id":"https:\/\/backtolatierra.com\/#\/schema\/logo\/image\/","url":"https:\/\/backtolatierra.com\/wp-content\/uploads\/2025\/09\/cropped-logo-Back-to-La-Tierra-2025.png","contentUrl":"https:\/\/backtolatierra.com\/wp-content\/uploads\/2025\/09\/cropped-logo-Back-to-La-Tierra-2025.png","width":913,"height":156,"caption":"Back to La Tierra - Finca Stay in Mijas, Andalusia"},"image":{"@id":"https:\/\/backtolatierra.com\/#\/schema\/logo\/image\/"}}]}},"_links":{"self":[{"href":"https:\/\/backtolatierra.com\/es\/wp-json\/wp\/v2\/pages\/576","targetHints":{"allow":["GET"]}}],"collection":[{"href":"https:\/\/backtolatierra.com\/es\/wp-json\/wp\/v2\/pages"}],"about":[{"href":"https:\/\/backtolatierra.com\/es\/wp-json\/wp\/v2\/types\/page"}],"author":[{"embeddable":true,"href":"https:\/\/backtolatierra.com\/es\/wp-json\/wp\/v2\/users\/1"}],"replies":[{"embeddable":true,"href":"https:\/\/backtolatierra.com\/es\/wp-json\/wp\/v2\/comments?post=576"}],"version-history":[{"count":25,"href":"https:\/\/backtolatierra.com\/es\/wp-json\/wp\/v2\/pages\/576\/revisions"}],"predecessor-version":[{"id":836,"href":"https:\/\/backtolatierra.com\/es\/wp-json\/wp\/v2\/pages\/576\/revisions\/836"}],"wp:featuredmedia":[{"embeddable":true,"href":"https:\/\/backtolatierra.com\/es\/wp-json\/wp\/v2\/media\/434"}],"wp:attachment":[{"href":"https:\/\/backtolatierra.com\/es\/wp-json\/wp\/v2\/media?parent=576"}],"curies":[{"name":"wp","href":"https:\/\/api.w.org\/{rel}","templated":true}]}}